{"id":31,"date":"2021-04-13T12:43:17","date_gmt":"2021-04-13T10:43:17","guid":{"rendered":"http:\/\/kils.fr\/?page_id=31"},"modified":"2021-06-08T17:34:23","modified_gmt":"2021-06-08T15:34:23","slug":"partenaires","status":"publish","type":"page","link":"http:\/\/kils.fr\/index.php\/partenaires\/","title":{"rendered":"Partenaires"},"content":{"rendered":"\n<p style=\"font-size:17px\">Nous travaillons avec quasi toutes les marques sur le march\u00e9 et sommes sans cesse en veille.<br>La richesse de la cr\u00e9ativit\u00e9 \u00e9tant sans limite nous ne pouvons pas tout exposer<br>Cependant nous montrons des produits permettant de comprendre la qualit\u00e9<br>et le confort de sorte d&#8217;\u00eatre certain du produit choisi m\u00eame s&#8217;il n&#8217;est pas expos\u00e9<\/p>\n\n\n            <link href=\"\/\/fonts.googleapis.com\/css?family=Dosis:300,400,500,700\" rel=\"stylesheet\">\r\n            <div class=\"eg-masonary-wrap eg-wrap eg-column-3 eg-masonary-layout-2 eg-component-link-title\"\n     data-desktop-column=\"3\"\n     data-tablet-column=\"3\"\n     data-mobile-column=\"3\"\n     data-lightbox-type=\"pretty_photo\"\n              data-pretty_photo-theme =\"pp_default\"\n         data-pretty_photo-social =\"false\"\n          data-gallery-id=\"o5jwuJ7d87\"\n     data-lightbox-status=\"true\"\n          >\n        \r\n\n    <div class=\"eg-masonary-items-wrap\" data-masonary-id=\"o5jwuJ7d87\">\n        <div class=\"eg-each-item eg-overlay-layout-2 \" data-eg-item-key=\"eg_item_sWUup630I1n88cW\">\n    \n\n            <div class=\"eg-masonary-padding\">\n            <div class=\"eg-overlay-wrapper\" onclick=\"\">\n\n                <a href=\"http:\/\/kils.fr\/wp-content\/uploads\/2021\/06\/LARS-ZECH-2_big@2x.jpg\"\n                   data-lightbox-type=\"pretty_photo\"\n                   rel=\"prettyPhoto[gallery_1]\"\n                   title=\"MOBILIER\"\n                   data-item-type=\"image\"\n                   data-index=\"1\"\n                   data-total-items=\"8\"\n                   >\n                    <img src=\"http:\/\/kils.fr\/wp-content\/uploads\/2021\/06\/LARS-ZECH-2_big@2x-1024x666.jpg\" alt=\"MOBILIER\"\/>\n                <\/a>\n                <div class=\"eg-mask\">\n                    <div class=\"eg-inner-wrapper\">\n                        <div class=\"eg-content-holder\">\r\n            <div class=\"eg-button-holder\">\r\n                                        <a href=\"http:\/\/kils.fr\/index.php\/mobilier\/\" class=\"eg-link\" target=\"_blank\"><i class=\"fa fa-link\" aria-hidden=\"true\"><\/i><\/a>\r\n                    <\/div>\r\n                <span class=\"eg-title eg-main-title\">MOBILIER<\/span>\r\n                <div class=\"eg-caption\">\r\n                            <span class=\"eg-title\" style=\"display:none\">MOBILIER<\/span>\r\n                                <\/div>\r\n        <\/div>                    <\/div>\n                    <span class=\"add\" style=\"display: none\">\n                        <i class=\"fa fa-plus\"><\/i>\n                    <\/span>\n                                            <div class=\"eg-caption-holder\" style=\"display: none\">\n                                                            <span class=\"eg-title\">MOBILIER<\/span>\n                                                                                <\/div>\n                                    <\/div>\n                <div class=\"slider-overlay\"><\/div>\n                            <\/div>\n                    <\/div>\n        <!---Blog Layout -->\n<\/div>\n                <div class=\"eg-each-item eg-overlay-layout-2 \" data-eg-item-key=\"eg_item_jkcnKVrek8m761Q\">\n    \n\n            <div class=\"eg-masonary-padding\">\n            <div class=\"eg-overlay-wrapper\" onclick=\"\">\n\n                <a href=\"http:\/\/kils.fr\/wp-content\/uploads\/2021\/04\/DSC06794-3.jpg\"\n                   data-lightbox-type=\"pretty_photo\"\n                   rel=\"prettyPhoto[gallery_1]\"\n                   title=\"MOBILIER\"\n                   data-item-type=\"image\"\n                   data-index=\"2\"\n                   data-total-items=\"8\"\n                   >\n                    <img src=\"http:\/\/kils.fr\/wp-content\/uploads\/2021\/04\/DSC06794-3.jpg\" alt=\"MOBILIER\"\/>\n                <\/a>\n                <div class=\"eg-mask\">\n                    <div class=\"eg-inner-wrapper\">\n                        <div class=\"eg-content-holder\">\r\n            <div class=\"eg-button-holder\">\r\n                                        <a href=\"http:\/\/kils.fr\/index.php\/mobilier\/\" class=\"eg-link\" target=\"_blank\"><i class=\"fa fa-link\" aria-hidden=\"true\"><\/i><\/a>\r\n                    <\/div>\r\n                <span class=\"eg-title eg-main-title\">MOBILIER<\/span>\r\n                <div class=\"eg-caption\">\r\n                            <span class=\"eg-title\" style=\"display:none\">MOBILIER<\/span>\r\n                                <\/div>\r\n        <\/div>                    <\/div>\n                    <span class=\"add\" style=\"display: none\">\n                        <i class=\"fa fa-plus\"><\/i>\n                    <\/span>\n                                            <div class=\"eg-caption-holder\" style=\"display: none\">\n                                                            <span class=\"eg-title\">MOBILIER<\/span>\n                                                                                <\/div>\n                                    <\/div>\n                <div class=\"slider-overlay\"><\/div>\n                            <\/div>\n                    <\/div>\n        <!---Blog Layout -->\n<\/div>\n                <div class=\"eg-each-item eg-overlay-layout-2 \" data-eg-item-key=\"eg_item_OQFtl4NEJmmLwi7\">\n    \n\n            <div class=\"eg-masonary-padding\">\n            <div class=\"eg-overlay-wrapper\" onclick=\"\">\n\n                <a href=\"http:\/\/kils.fr\/wp-content\/uploads\/2021\/04\/Meero-2011-2-scaled.jpg\"\n                   data-lightbox-type=\"pretty_photo\"\n                   rel=\"prettyPhoto[gallery_1]\"\n                   title=\"\"\n                   data-item-type=\"image\"\n                   data-index=\"3\"\n                   data-total-items=\"8\"\n                   >\n                    <img src=\"http:\/\/kils.fr\/wp-content\/uploads\/2021\/04\/Meero-2011-2-1024x683.jpg\" alt=\"Meero-2011\"\/>\n                <\/a>\n                <div class=\"eg-mask\">\n                    <div class=\"eg-inner-wrapper\">\n                        <div class=\"eg-content-holder\">\r\n            <div class=\"eg-button-holder\">\r\n                                        <a href=\"https:\/\/kils.fr\/meero-2011-3\/\" class=\"eg-link\" target=\"_blank\"><i class=\"fa fa-link\" aria-hidden=\"true\"><\/i><\/a>\r\n                    <\/div>\r\n                <span class=\"eg-title eg-main-title\">Meero-2011<\/span>\r\n                <div class=\"eg-caption\">\r\n                            <span class=\"eg-title\" style=\"display:none\">Meero-2011<\/span>\r\n                                <\/div>\r\n        <\/div>                    <\/div>\n                    <span class=\"add\" style=\"display: none\">\n                        <i class=\"fa fa-plus\"><\/i>\n                    <\/span>\n                                            <div class=\"eg-caption-holder\" style=\"display: none\">\n                                                            <span class=\"eg-title\">Meero-2011<\/span>\n                                                                                <\/div>\n                                    <\/div>\n                <div class=\"slider-overlay\"><\/div>\n                            <\/div>\n                    <\/div>\n        <!---Blog Layout -->\n<\/div>\n                <div class=\"eg-each-item eg-overlay-layout-2 \" data-eg-item-key=\"eg_item_PCr31cXrqizNoEN\">\n    \n\n            <div class=\"eg-masonary-padding\">\n            <div class=\"eg-overlay-wrapper\" onclick=\"\">\n\n                <a href=\"http:\/\/kils.fr\/wp-content\/uploads\/2021\/04\/Meero-2000-3-scaled.jpg\"\n                   data-lightbox-type=\"pretty_photo\"\n                   rel=\"prettyPhoto[gallery_1]\"\n                   title=\"\"\n                   data-item-type=\"image\"\n                   data-index=\"4\"\n                   data-total-items=\"8\"\n                   >\n                    <img src=\"http:\/\/kils.fr\/wp-content\/uploads\/2021\/04\/Meero-2000-3-1024x683.jpg\" alt=\"Meero-2000\"\/>\n                <\/a>\n                <div class=\"eg-mask\">\n                    <div class=\"eg-inner-wrapper\">\n                        <div class=\"eg-content-holder\">\r\n            <div class=\"eg-button-holder\">\r\n                                        <a href=\"https:\/\/kils.fr\/meero-2000-5\/\" class=\"eg-link\" target=\"_blank\"><i class=\"fa fa-link\" aria-hidden=\"true\"><\/i><\/a>\r\n                    <\/div>\r\n                <span class=\"eg-title eg-main-title\">Meero-2000<\/span>\r\n                <div class=\"eg-caption\">\r\n                            <span class=\"eg-title\" style=\"display:none\">Meero-2000<\/span>\r\n                                <\/div>\r\n        <\/div>                    <\/div>\n                    <span class=\"add\" style=\"display: none\">\n                        <i class=\"fa fa-plus\"><\/i>\n                    <\/span>\n                                            <div class=\"eg-caption-holder\" style=\"display: none\">\n                                                            <span class=\"eg-title\">Meero-2000<\/span>\n                                                                                <\/div>\n                                    <\/div>\n                <div class=\"slider-overlay\"><\/div>\n                            <\/div>\n                    <\/div>\n        <!---Blog Layout -->\n<\/div>\n                <div class=\"eg-each-item eg-overlay-layout-2 \" data-eg-item-key=\"eg_item_fsEUW1XKEH82sDj\">\n    \n\n            <div class=\"eg-masonary-padding\">\n            <div class=\"eg-overlay-wrapper\" onclick=\"\">\n\n                <a href=\"http:\/\/kils.fr\/wp-content\/uploads\/2021\/04\/202005_KilsLifArt-Showroom_47-rue-dAboukir-75002-51-copie-polo-3.jpeg\"\n                   data-lightbox-type=\"pretty_photo\"\n                   rel=\"prettyPhoto[gallery_1]\"\n                   title=\"\"\n                   data-item-type=\"image\"\n                   data-index=\"5\"\n                   data-total-items=\"8\"\n                   >\n                    <img src=\"http:\/\/kils.fr\/wp-content\/uploads\/2021\/04\/202005_KilsLifArt-Showroom_47-rue-dAboukir-75002-51-copie-polo-3-768x1024.jpeg\" alt=\"202005_KilsLifArt Showroom_47 rue d\\'Aboukir 75002-51 - copie polo\"\/>\n                <\/a>\n                <div class=\"eg-mask\">\n                    <div class=\"eg-inner-wrapper\">\n                        <div class=\"eg-content-holder\">\r\n            <div class=\"eg-button-holder\">\r\n                                        <a href=\"https:\/\/kils.fr\/202005_kilslifart-showroom_47-rue-daboukir-75002-51-copie-polo-4\/\" class=\"eg-link\" target=\"_blank\"><i class=\"fa fa-link\" aria-hidden=\"true\"><\/i><\/a>\r\n                    <\/div>\r\n                <span class=\"eg-title eg-main-title\">202005_KilsLifArt Showroom_47 rue d\\&#039;Aboukir 75002-51 - copie polo<\/span>\r\n                <div class=\"eg-caption\">\r\n                            <span class=\"eg-title\" style=\"display:none\">202005_KilsLifArt Showroom_47 rue d\\&#039;Aboukir 75002-51 - copie polo<\/span>\r\n                                <\/div>\r\n        <\/div>                    <\/div>\n                    <span class=\"add\" style=\"display: none\">\n                        <i class=\"fa fa-plus\"><\/i>\n                    <\/span>\n                                            <div class=\"eg-caption-holder\" style=\"display: none\">\n                                                            <span class=\"eg-title\">202005_KilsLifArt Showroom_47 rue d\\&#039;Aboukir 75002-51 - copie polo<\/span>\n                                                                                <\/div>\n                                    <\/div>\n                <div class=\"slider-overlay\"><\/div>\n                            <\/div>\n                    <\/div>\n        <!---Blog Layout -->\n<\/div>\n                <div class=\"eg-each-item eg-overlay-layout-2 \" data-eg-item-key=\"eg_item_ztW1vWctnDMWqbB\">\n    \n\n            <div class=\"eg-masonary-padding\">\n            <div class=\"eg-overlay-wrapper\" onclick=\"\">\n\n                <a href=\"http:\/\/kils.fr\/wp-content\/uploads\/2021\/04\/202005_KilsLifArt-Showroom_47-rue-dAboukir-75002-11-3-scaled.jpg\"\n                   data-lightbox-type=\"pretty_photo\"\n                   rel=\"prettyPhoto[gallery_1]\"\n                   title=\"\"\n                   data-item-type=\"image\"\n                   data-index=\"6\"\n                   data-total-items=\"8\"\n                   >\n                    <img src=\"http:\/\/kils.fr\/wp-content\/uploads\/2021\/04\/202005_KilsLifArt-Showroom_47-rue-dAboukir-75002-11-3-1024x768.jpg\" alt=\"202005_KilsLifArt Showroom_47 rue d\\'Aboukir 75002-11\"\/>\n                <\/a>\n                <div class=\"eg-mask\">\n                    <div class=\"eg-inner-wrapper\">\n                        <div class=\"eg-content-holder\">\r\n            <div class=\"eg-button-holder\">\r\n                                        <a href=\"https:\/\/kils.fr\/202005_kilslifart-showroom_47-rue-daboukir-75002-11-4\/\" class=\"eg-link\" target=\"_blank\"><i class=\"fa fa-link\" aria-hidden=\"true\"><\/i><\/a>\r\n                    <\/div>\r\n                <span class=\"eg-title eg-main-title\">202005_KilsLifArt Showroom_47 rue d\\&#039;Aboukir 75002-11<\/span>\r\n                <div class=\"eg-caption\">\r\n                            <span class=\"eg-title\" style=\"display:none\">202005_KilsLifArt Showroom_47 rue d\\&#039;Aboukir 75002-11<\/span>\r\n                                <\/div>\r\n        <\/div>                    <\/div>\n                    <span class=\"add\" style=\"display: none\">\n                        <i class=\"fa fa-plus\"><\/i>\n                    <\/span>\n                                            <div class=\"eg-caption-holder\" style=\"display: none\">\n                                                            <span class=\"eg-title\">202005_KilsLifArt Showroom_47 rue d\\&#039;Aboukir 75002-11<\/span>\n                                                                                <\/div>\n                                    <\/div>\n                <div class=\"slider-overlay\"><\/div>\n                            <\/div>\n                    <\/div>\n        <!---Blog Layout -->\n<\/div>\n                <div class=\"eg-each-item eg-overlay-layout-2 \" data-eg-item-key=\"eg_item_eq5Tk1UiLyZSAsw\">\n    \n\n            <div class=\"eg-masonary-padding\">\n            <div class=\"eg-overlay-wrapper\" onclick=\"\">\n\n                <a href=\"http:\/\/kils.fr\/wp-content\/uploads\/2021\/04\/202005_KilsLifArt-Showroom_47-rue-dAboukir-75002-16-3-scaled.jpg\"\n                   data-lightbox-type=\"pretty_photo\"\n                   rel=\"prettyPhoto[gallery_1]\"\n                   title=\"\"\n                   data-item-type=\"image\"\n                   data-index=\"7\"\n                   data-total-items=\"8\"\n                   >\n                    <img src=\"http:\/\/kils.fr\/wp-content\/uploads\/2021\/04\/202005_KilsLifArt-Showroom_47-rue-dAboukir-75002-16-3-1024x768.jpg\" alt=\"202005_KilsLifArt Showroom_47 rue d\\'Aboukir 75002-16\"\/>\n                <\/a>\n                <div class=\"eg-mask\">\n                    <div class=\"eg-inner-wrapper\">\n                        <div class=\"eg-content-holder\">\r\n            <div class=\"eg-button-holder\">\r\n                                        <a href=\"https:\/\/kils.fr\/202005_kilslifart-showroom_47-rue-daboukir-75002-16-4\/\" class=\"eg-link\" target=\"_blank\"><i class=\"fa fa-link\" aria-hidden=\"true\"><\/i><\/a>\r\n                    <\/div>\r\n                <span class=\"eg-title eg-main-title\">202005_KilsLifArt Showroom_47 rue d\\&#039;Aboukir 75002-16<\/span>\r\n                <div class=\"eg-caption\">\r\n                            <span class=\"eg-title\" style=\"display:none\">202005_KilsLifArt Showroom_47 rue d\\&#039;Aboukir 75002-16<\/span>\r\n                                <\/div>\r\n        <\/div>                    <\/div>\n                    <span class=\"add\" style=\"display: none\">\n                        <i class=\"fa fa-plus\"><\/i>\n                    <\/span>\n                                            <div class=\"eg-caption-holder\" style=\"display: none\">\n                                                            <span class=\"eg-title\">202005_KilsLifArt Showroom_47 rue d\\&#039;Aboukir 75002-16<\/span>\n                                                                                <\/div>\n                                    <\/div>\n                <div class=\"slider-overlay\"><\/div>\n                            <\/div>\n                    <\/div>\n        <!---Blog Layout -->\n<\/div>\n                <div class=\"eg-each-item eg-overlay-layout-2 \" data-eg-item-key=\"eg_item_T3ZP3vMfZ0TL7jX\">\n    \n\n            <div class=\"eg-masonary-padding\">\n            <div class=\"eg-overlay-wrapper\" onclick=\"\">\n\n                <a href=\"http:\/\/kils.fr\/wp-content\/uploads\/2021\/04\/202005_KilsLifArt-Showroom_47-rue-dAboukir-75002-23-3-scaled.jpg\"\n                   data-lightbox-type=\"pretty_photo\"\n                   rel=\"prettyPhoto[gallery_1]\"\n                   title=\"\"\n                   data-item-type=\"image\"\n                   data-index=\"8\"\n                   data-total-items=\"8\"\n                   >\n                    <img src=\"http:\/\/kils.fr\/wp-content\/uploads\/2021\/04\/202005_KilsLifArt-Showroom_47-rue-dAboukir-75002-23-3-1024x509.jpg\" alt=\"202005_KilsLifArt Showroom_47 rue d\\'Aboukir 75002-23\"\/>\n                <\/a>\n                <div class=\"eg-mask\">\n                    <div class=\"eg-inner-wrapper\">\n                        <div class=\"eg-content-holder\">\r\n            <div class=\"eg-button-holder\">\r\n                                        <a href=\"https:\/\/kils.fr\/202005_kilslifart-showroom_47-rue-daboukir-75002-23-4\/\" class=\"eg-link\" target=\"_blank\"><i class=\"fa fa-link\" aria-hidden=\"true\"><\/i><\/a>\r\n                    <\/div>\r\n                <span class=\"eg-title eg-main-title\">202005_KilsLifArt Showroom_47 rue d\\&#039;Aboukir 75002-23<\/span>\r\n                <div class=\"eg-caption\">\r\n                            <span class=\"eg-title\" style=\"display:none\">202005_KilsLifArt Showroom_47 rue d\\&#039;Aboukir 75002-23<\/span>\r\n                                <\/div>\r\n        <\/div>                    <\/div>\n                    <span class=\"add\" style=\"display: none\">\n                        <i class=\"fa fa-plus\"><\/i>\n                    <\/span>\n                                            <div class=\"eg-caption-holder\" style=\"display: none\">\n                                                            <span class=\"eg-title\">202005_KilsLifArt Showroom_47 rue d\\&#039;Aboukir 75002-23<\/span>\n                                                                                <\/div>\n                                    <\/div>\n                <div class=\"slider-overlay\"><\/div>\n                            <\/div>\n                    <\/div>\n        <!---Blog Layout -->\n<\/div>\n                        <\/div>\n        \n<\/div>\n\n\n            <style>\r\n                                .eg-wrap {\r\n                        font-family: Dosis;\r\n                    }\r\n                <\/style>\r\n            \n","protected":false},"excerpt":{"rendered":"<p>Nous travaillons avec quasi toutes les marques sur le march\u00e9 et sommes sans cesse en veille.La richesse de la cr\u00e9ativit\u00e9 \u00e9tant sans limite nous ne pouvons pas tout exposerCependant nous montrons des produits permettant de comprendre la qualit\u00e9et le confort de sorte d&#8217;\u00eatre certain du produit choisi m\u00eame s&#8217;il n&#8217;est [&hellip;]<\/p>\n","protected":false},"author":1,"featured_media":0,"parent":0,"menu_order":0,"comment_status":"closed","ping_status":"closed","template":"","meta":{"spay_email":""},"_links":{"self":[{"href":"http:\/\/kils.fr\/index.php\/wp-json\/wp\/v2\/pages\/31"}],"collection":[{"href":"http:\/\/kils.fr\/index.php\/wp-json\/wp\/v2\/pages"}],"about":[{"href":"http:\/\/kils.fr\/index.php\/wp-json\/wp\/v2\/types\/page"}],"author":[{"embeddable":true,"href":"http:\/\/kils.fr\/index.php\/wp-json\/wp\/v2\/users\/1"}],"replies":[{"embeddable":true,"href":"http:\/\/kils.fr\/index.php\/wp-json\/wp\/v2\/comments?post=31"}],"version-history":[{"count":8,"href":"http:\/\/kils.fr\/index.php\/wp-json\/wp\/v2\/pages\/31\/revisions"}],"predecessor-version":[{"id":532,"href":"http:\/\/kils.fr\/index.php\/wp-json\/wp\/v2\/pages\/31\/revisions\/532"}],"wp:attachment":[{"href":"http:\/\/kils.fr\/index.php\/wp-json\/wp\/v2\/media?parent=31"}],"curies":[{"name":"wp","href":"https:\/\/api.w.org\/{rel}","templated":true}]}}